{"id":541,"date":"2018-11-27T09:17:08","date_gmt":"2018-11-27T13:17:08","guid":{"rendered":"https:\/\/suministrosmvg415.com\/about\/"},"modified":"2025-03-18T13:22:25","modified_gmt":"2025-03-18T17:22:25","slug":"la-empresa","status":"publish","type":"page","link":"https:\/\/suministrosmvg415.com\/?page_id=541","title":{"rendered":"La Empresa"},"content":{"rendered":"\t\t<div data-elementor-type=\"wp-post\" data-elementor-id=\"541\" class=\"elementor elementor-541\" data-elementor-post-type=\"page\">\n\t\t\t\t\t\t<section class=\"elementor-section elementor-top-section elementor-element elementor-element-6d695f0 elementor-section-boxed elementor-section-height-default elementor-section-height-default elementor-invisible\" data-id=\"6d695f0\" data-element_type=\"section\" data-settings=\"{&quot;animation&quot;:&quot;zoomIn&quot;}\">\n\t\t\t\t\t\t<div class=\"elementor-container elementor-column-gap-default\">\n\t\t\t\t\t<div class=\"elementor-column elementor-col-100 elementor-top-column elementor-element elementor-element-dd2632b\" data-id=\"dd2632b\" data-element_type=\"column\">\n\t\t\t<div class=\"elementor-widget-wrap elementor-element-populated\">\n\t\t\t\t\t\t<div class=\"elementor-element elementor-element-4edec03 elementor-widget elementor-widget-heading\" data-id=\"4edec03\" data-element_type=\"widget\" data-widget_type=\"heading.default\">\n\t\t\t\t<div class=\"elementor-widget-container\">\n\t\t\t<style>\/*! elementor - v3.21.0 - 22-05-2024 *\/\n.elementor-heading-title{padding:0;margin:0;line-height:1}.elementor-widget-heading .elementor-heading-title[class*=elementor-size-]>a{color:inherit;font-size:inherit;line-height:inherit}.elementor-widget-heading .elementor-heading-title.elementor-size-small{font-size:15px}.elementor-widget-heading .elementor-heading-title.elementor-size-medium{font-size:19px}.elementor-widget-heading .elementor-heading-title.elementor-size-large{font-size:29px}.elementor-widget-heading .elementor-heading-title.elementor-size-xl{font-size:39px}.elementor-widget-heading .elementor-heading-title.elementor-size-xxl{font-size:59px}<\/style><h1 class=\"elementor-heading-title elementor-size-default\">SUMINISTROS MVG 415 C.A.\n<\/h1>\t\t<\/div>\n\t\t\t\t<\/div>\n\t\t\t\t<div class=\"elementor-element elementor-element-e159308 elementor-widget elementor-widget-heading\" data-id=\"e159308\" data-element_type=\"widget\" data-widget_type=\"heading.default\">\n\t\t\t\t<div class=\"elementor-widget-container\">\n\t\t\t<h2 class=\"elementor-heading-title elementor-size-default\">nuestra historia<\/h2>\t\t<\/div>\n\t\t\t\t<\/div>\n\t\t\t\t<div class=\"elementor-element elementor-element-b2bc31d elementor-widget elementor-widget-heading\" data-id=\"b2bc31d\" data-element_type=\"widget\" data-widget_type=\"heading.default\">\n\t\t\t\t<div class=\"elementor-widget-container\">\n\t\t\t<h5 class=\"elementor-heading-title elementor-size-default\">Nuestra empresa, formada desde el a\u00f1o 2015, \u00e9poca en la cu\u00e1l nos iniciamos en la distribuci\u00f3n de pinturas de uso industrial y decorativo as\u00ed como revestimiento de alto desempe\u00f1o como esmalte, ep\u00f3xicos, fen\u00f3lico, poliuretanos, los cuales han sido utilizados en obras del sector p\u00fablico y del privado.<br>\n<br>A trav\u00e9s de un proceso de estudio de mercado, estamos enfocados en satisfacer las necesidades de los clientes, distribuyendo productos de alt\u00edsima calidad y durabilidad. Nuestro crecimiento est\u00e1 calculado no solo por los montos unitarios de distribuci\u00f3n y los vol\u00famenes a\u00f1os tras a\u00f1os, sino adem\u00e1s por el tipo y nivel de complejidad e importancia de nuestros clientes lo cual nos ha permitido lograr un alto grado de satisfacci\u00f3n ante ellos.<\/h5>\t\t<\/div>\n\t\t\t\t<\/div>\n\t\t\t\t\t<\/div>\n\t\t<\/div>\n\t\t\t\t\t<\/div>\n\t\t<\/section>\n\t\t\t\t<section class=\"elementor-section elementor-top-section elementor-element elementor-element-d7d8b56 elementor-section-boxed elementor-section-height-default elementor-section-height-default elementor-invisible\" data-id=\"d7d8b56\" data-element_type=\"section\" data-settings=\"{&quot;background_background&quot;:&quot;classic&quot;,&quot;animation&quot;:&quot;zoomIn&quot;}\">\n\t\t\t\t\t\t\t<div class=\"elementor-background-overlay\"><\/div>\n\t\t\t\t\t\t\t<div class=\"elementor-container elementor-column-gap-default\">\n\t\t\t\t\t<div class=\"elementor-column elementor-col-100 elementor-top-column elementor-element elementor-element-fd69444 elementor-invisible\" data-id=\"fd69444\" data-element_type=\"column\" data-settings=\"{&quot;animation&quot;:&quot;zoomIn&quot;,&quot;animation_delay&quot;:800}\">\n\t\t\t<div class=\"elementor-widget-wrap elementor-element-populated\">\n\t\t\t\t\t\t<div class=\"elementor-element elementor-element-abcc2f2 elementor-widget elementor-widget-heading\" data-id=\"abcc2f2\" data-element_type=\"widget\" data-widget_type=\"heading.default\">\n\t\t\t\t<div class=\"elementor-widget-container\">\n\t\t\t<h2 class=\"elementor-heading-title elementor-size-default\">OBJETIVOS DE CALIDAD<\/h2>\t\t<\/div>\n\t\t\t\t<\/div>\n\t\t\t\t<div class=\"elementor-element elementor-element-c4ceda3 elementor-widget elementor-widget-heading\" data-id=\"c4ceda3\" data-element_type=\"widget\" data-widget_type=\"heading.default\">\n\t\t\t\t<div class=\"elementor-widget-container\">\n\t\t\t<h5 class=\"elementor-heading-title elementor-size-default\">1. Brindar productos y servicios de calidad para satisfacer las necesidades de los\nclientes.<br>\n2. Ofrecer atenci\u00f3n personalizada con un asesoramiento profesional de Acuerdo a cada proyecto a realizar.<br>\n3. Estudiar y dar seguimiento a cada obra, para cumplir con los requerimientos del\ncliente en un tiempo viable.<\/h5>\t\t<\/div>\n\t\t\t\t<\/div>\n\t\t\t\t\t<\/div>\n\t\t<\/div>\n\t\t\t\t\t<\/div>\n\t\t<\/section>\n\t\t\t\t<section class=\"elementor-section elementor-top-section elementor-element elementor-element-f2ee38f elementor-section-full_width elementor-section-height-default elementor-section-height-default elementor-invisible\" data-id=\"f2ee38f\" data-element_type=\"section\" data-settings=\"{&quot;animation&quot;:&quot;slideInLeft&quot;,&quot;animation_delay&quot;:200}\">\n\t\t\t\t\t\t<div class=\"elementor-container elementor-column-gap-default\">\n\t\t\t\t\t<div class=\"elementor-column elementor-col-50 elementor-top-column elementor-element elementor-element-eec1534\" data-id=\"eec1534\" data-element_type=\"column\">\n\t\t\t<div class=\"elementor-widget-wrap elementor-element-populated\">\n\t\t\t\t\t\t<div class=\"elementor-element elementor-element-84a87a4 elementor-widget elementor-widget-heading\" data-id=\"84a87a4\" data-element_type=\"widget\" data-widget_type=\"heading.default\">\n\t\t\t\t<div class=\"elementor-widget-container\">\n\t\t\t<h2 class=\"elementor-heading-title elementor-size-default\">pol\u00edtica integrada <\/h2>\t\t<\/div>\n\t\t\t\t<\/div>\n\t\t\t\t<div class=\"elementor-element elementor-element-57545c0 elementor-widget elementor-widget-heading\" data-id=\"57545c0\" data-element_type=\"widget\" data-widget_type=\"heading.default\">\n\t\t\t\t<div class=\"elementor-widget-container\">\n\t\t\t<h5 class=\"elementor-heading-title elementor-size-default\">Somos una empresa b\u00e1sicamente formada para prestar el servicio de distribuci\u00f3n y asesor\u00eda t\u00e9cnica en cuanto al acondicionamiento de superficies, manejo y aplicaci\u00f3n de nuestros productos a empresas, asociaciones y cooperativas, las cuales han tenido una satisfacci\u00f3n con nuestros productos, seriedad y responsabilidad, todo gracias a la seriedad de nuestros equipos que labora en nuestra empresa.<\/h5>\t\t<\/div>\n\t\t\t\t<\/div>\n\t\t\t\t\t<\/div>\n\t\t<\/div>\n\t\t\t\t<div class=\"elementor-column elementor-col-50 elementor-top-column elementor-element elementor-element-e076d06\" data-id=\"e076d06\" data-element_type=\"column\">\n\t\t\t<div class=\"elementor-widget-wrap elementor-element-populated\">\n\t\t\t\t\t\t<div class=\"elementor-element elementor-element-53500a8 elementor-widget elementor-widget-image\" data-id=\"53500a8\" data-element_type=\"widget\" data-widget_type=\"image.default\">\n\t\t\t\t<div class=\"elementor-widget-container\">\n\t\t\t<style>\/*! elementor - v3.21.0 - 22-05-2024 *\/\n.elementor-widget-image{text-align:center}.elementor-widget-image a{display:inline-block}.elementor-widget-image a img[src$=\".svg\"]{width:48px}.elementor-widget-image img{vertical-align:middle;display:inline-block}<\/style>\t\t\t\t\t\t\t\t\t\t<img fetchpriority=\"high\" decoding=\"async\" width=\"1024\" height=\"1024\" src=\"https:\/\/suministrosmvg415.com\/wp-content\/uploads\/2022\/12\/Sin-titulo-1-1024x1024.png\" class=\"attachment-large size-large wp-image-1414\" alt=\"politica\" srcset=\"https:\/\/suministrosmvg415.com\/wp-content\/uploads\/2022\/12\/Sin-titulo-1.png 1024w, https:\/\/suministrosmvg415.com\/wp-content\/uploads\/2022\/12\/Sin-titulo-1-300x300.png 300w, https:\/\/suministrosmvg415.com\/wp-content\/uploads\/2022\/12\/Sin-titulo-1-150x150.png 150w, https:\/\/suministrosmvg415.com\/wp-content\/uploads\/2022\/12\/Sin-titulo-1-768x768.png 768w, https:\/\/suministrosmvg415.com\/wp-content\/uploads\/2022\/12\/Sin-titulo-1-600x600.png 600w, https:\/\/suministrosmvg415.com\/wp-content\/uploads\/2022\/12\/Sin-titulo-1-100x100.png 100w\" sizes=\"(max-width: 1024px) 100vw, 1024px\" \/>\t\t\t\t\t\t\t\t\t\t\t\t\t<\/div>\n\t\t\t\t<\/div>\n\t\t\t\t\t<\/div>\n\t\t<\/div>\n\t\t\t\t\t<\/div>\n\t\t<\/section>\n\t\t\t\t<\/div>\n\t\t","protected":false},"excerpt":{"rendered":"<p>SUMINISTROS MVG 415 C.A. nuestra historia Nuestra empresa, formada desde el a\u00f1o 2015, \u00e9poca en la cu\u00e1l nos iniciamos en la distribuci\u00f3n de pinturas de uso industrial y decorativo as\u00ed como revestimiento de alto desempe\u00f1o como esmalte, ep\u00f3xicos, fen\u00f3lico, poliuretanos, los cuales han sido utilizados en obras del sector p\u00fablico y del privado. A trav\u00e9s [&hellip;]<\/p>\n","protected":false},"author":2,"featured_media":0,"parent":0,"menu_order":0,"comment_status":"closed","ping_status":"open","template":"","meta":{"site-sidebar-layout":"no-sidebar","site-content-layout":"page-builder","ast-site-content-layout":"","site-content-style":"default","site-sidebar-style":"default","ast-global-header-display":"","ast-banner-title-visibility":"","ast-main-header-display":"","ast-hfb-above-header-display":"","ast-hfb-below-header-display":"","ast-hfb-mobile-header-display":"","site-post-title":"disabled","ast-breadcrumbs-content":"","ast-featured-img":"disabled","footer-sml-layout":"","theme-transparent-header-meta":"enabled","adv-header-id-meta":"","stick-header-meta":"","header-above-stick-meta":"","header-main-stick-meta":"","header-below-stick-meta":"","astra-migrate-meta-layouts":"default","ast-page-background-enabled":"default","ast-page-background-meta":{"desktop":{"background-color":"","background-image":"","background-repeat":"repeat","background-position":"center center","background-size":"auto","background-attachment":"scroll","background-type":"","background-media":"","overlay-type":"","overlay-color":"","overlay-opacity":"","overlay-gradient":""},"tablet":{"background-color":"","background-image":"","background-repeat":"repeat","background-position":"center center","background-size":"auto","background-attachment":"scroll","background-type":"","background-media":"","overlay-type":"","overlay-color":"","overlay-opacity":"","overlay-gradient":""},"mobile":{"background-color":"","background-image":"","background-repeat":"repeat","background-position":"center center","background-size":"auto","background-attachment":"scroll","background-type":"","background-media":"","overlay-type":"","overlay-color":"","overlay-opacity":"","overlay-gradient":""}},"ast-content-background-meta":{"desktop":{"background-color":"var(--ast-global-color-5)","background-image":"","background-repeat":"repeat","background-position":"center center","background-size":"auto","background-attachment":"scroll","background-type":"","background-media":"","overlay-type":"","overlay-color":"","overlay-opacity":"","overlay-gradient":""},"tablet":{"background-color":"var(--ast-global-color-5)","background-image":"","background-repeat":"repeat","background-position":"center center","background-size":"auto","background-attachment":"scroll","background-type":"","background-media":"","overlay-type":"","overlay-color":"","overlay-opacity":"","overlay-gradient":""},"mobile":{"background-color":"var(--ast-global-color-5)","background-image":"","background-repeat":"repeat","background-position":"center center","background-size":"auto","background-attachment":"scroll","background-type":"","background-media":"","overlay-type":"","overlay-color":"","overlay-opacity":"","overlay-gradient":""}},"footnotes":""},"class_list":["post-541","page","type-page","status-publish","hentry"],"yoast_head":"<!-- This site is optimized with the Yoast SEO plugin v22.7 - https:\/\/yoast.com\/wordpress\/plugins\/seo\/ -->\n<title>La Empresa | SUMINISTROS MVG 415 C.A.<\/title>\n<meta name=\"description\" content=\"Somos una compa\u00f1\u00eda de prestigio dentro del mercado nacional identificada por el buen asesoramiento y servicio en trabajos de mejoramiento, remodelaci\u00f3n y acabados de pinturas industriales y arquitect\u00f3nicas, adem\u00e1s de las ventas de productos de alta calidad, con un grupo humano responsable, honesto y eficiente.\" \/>\n<meta name=\"robots\" content=\"index, follow, max-snippet:-1, max-image-preview:large, max-video-preview:-1\" \/>\n<link rel=\"canonical\" href=\"https:\/\/suministrosmvg415.com\/?page_id=541\" \/>\n<meta property=\"og:locale\" content=\"es_ES\" \/>\n<meta property=\"og:type\" content=\"article\" \/>\n<meta property=\"og:title\" content=\"La Empresa | SUMINISTROS MVG 415 C.A.\" \/>\n<meta property=\"og:description\" content=\"Somos una compa\u00f1\u00eda de prestigio dentro del mercado nacional identificada por el buen asesoramiento y servicio en trabajos de mejoramiento, remodelaci\u00f3n y acabados de pinturas industriales y arquitect\u00f3nicas, adem\u00e1s de las ventas de productos de alta calidad, con un grupo humano responsable, honesto y eficiente.\" \/>\n<meta property=\"og:url\" content=\"https:\/\/suministrosmvg415.com\/?page_id=541\" \/>\n<meta property=\"og:site_name\" content=\"SUMINISTROS MVG 415 C.A.\" \/>\n<meta property=\"article:modified_time\" content=\"2025-03-18T17:22:25+00:00\" \/>\n<meta property=\"og:image\" content=\"https:\/\/suministrosmvg415.com\/wp-content\/uploads\/2022\/12\/Sin-titulo-1-1024x1024.png\" \/>\n<meta name=\"twitter:card\" content=\"summary_large_image\" \/>\n<meta name=\"twitter:label1\" content=\"Tiempo de lectura\" \/>\n\t<meta name=\"twitter:data1\" content=\"2 minutos\" \/>\n<script type=\"application\/ld+json\" class=\"yoast-schema-graph\">{\"@context\":\"https:\/\/schema.org\",\"@graph\":[{\"@type\":\"WebPage\",\"@id\":\"https:\/\/suministrosmvg415.com\/?page_id=541\",\"url\":\"https:\/\/suministrosmvg415.com\/?page_id=541\",\"name\":\"La Empresa | SUMINISTROS MVG 415 C.A.\",\"isPartOf\":{\"@id\":\"https:\/\/suministrosmvg415.com\/#website\"},\"primaryImageOfPage\":{\"@id\":\"https:\/\/suministrosmvg415.com\/?page_id=541#primaryimage\"},\"image\":{\"@id\":\"https:\/\/suministrosmvg415.com\/?page_id=541#primaryimage\"},\"thumbnailUrl\":\"https:\/\/suministrosmvg415.com\/wp-content\/uploads\/2022\/12\/Sin-titulo-1-1024x1024.png\",\"datePublished\":\"2018-11-27T13:17:08+00:00\",\"dateModified\":\"2025-03-18T17:22:25+00:00\",\"description\":\"Somos una compa\u00f1\u00eda de prestigio dentro del mercado nacional identificada por el buen asesoramiento y servicio en trabajos de mejoramiento, remodelaci\u00f3n y acabados de pinturas industriales y arquitect\u00f3nicas, adem\u00e1s de las ventas de productos de alta calidad, con un grupo humano responsable, honesto y eficiente.\",\"breadcrumb\":{\"@id\":\"https:\/\/suministrosmvg415.com\/?page_id=541#breadcrumb\"},\"inLanguage\":\"es\",\"potentialAction\":[{\"@type\":\"ReadAction\",\"target\":[\"https:\/\/suministrosmvg415.com\/?page_id=541\"]}]},{\"@type\":\"ImageObject\",\"inLanguage\":\"es\",\"@id\":\"https:\/\/suministrosmvg415.com\/?page_id=541#primaryimage\",\"url\":\"https:\/\/suministrosmvg415.com\/wp-content\/uploads\/2022\/12\/Sin-titulo-1.png\",\"contentUrl\":\"https:\/\/suministrosmvg415.com\/wp-content\/uploads\/2022\/12\/Sin-titulo-1.png\",\"width\":1024,\"height\":1024,\"caption\":\"politica\"},{\"@type\":\"BreadcrumbList\",\"@id\":\"https:\/\/suministrosmvg415.com\/?page_id=541#breadcrumb\",\"itemListElement\":[{\"@type\":\"ListItem\",\"position\":1,\"name\":\"Portada\",\"item\":\"https:\/\/suministrosmvg415.com\/\"},{\"@type\":\"ListItem\",\"position\":2,\"name\":\"La Empresa\"}]},{\"@type\":\"WebSite\",\"@id\":\"https:\/\/suministrosmvg415.com\/#website\",\"url\":\"https:\/\/suministrosmvg415.com\/\",\"name\":\"SUMINISTROS MVG 415 C.A.\",\"description\":\"Empresa de Pinturas\",\"publisher\":{\"@id\":\"https:\/\/suministrosmvg415.com\/#organization\"},\"alternateName\":\"SUMINISTROS MVG\",\"potentialAction\":[{\"@type\":\"SearchAction\",\"target\":{\"@type\":\"EntryPoint\",\"urlTemplate\":\"https:\/\/suministrosmvg415.com\/?s={search_term_string}\"},\"query-input\":\"required name=search_term_string\"}],\"inLanguage\":\"es\"},{\"@type\":\"Organization\",\"@id\":\"https:\/\/suministrosmvg415.com\/#organization\",\"name\":\"SUMINISTROS MVG 415 C.A.\",\"url\":\"https:\/\/suministrosmvg415.com\/\",\"logo\":{\"@type\":\"ImageObject\",\"inLanguage\":\"es\",\"@id\":\"https:\/\/suministrosmvg415.com\/#\/schema\/logo\/image\/\",\"url\":\"https:\/\/suministrosmvg415.com\/wp-content\/uploads\/2020\/02\/1.png\",\"contentUrl\":\"https:\/\/suministrosmvg415.com\/wp-content\/uploads\/2020\/02\/1.png\",\"width\":1080,\"height\":1080,\"caption\":\"SUMINISTROS MVG 415 C.A.\"},\"image\":{\"@id\":\"https:\/\/suministrosmvg415.com\/#\/schema\/logo\/image\/\"},\"sameAs\":[\"https:\/\/www.instagram.com\/suministrosmvg\/\"]}]}<\/script>\n<!-- \/ Yoast SEO plugin. -->","yoast_head_json":{"title":"La Empresa | SUMINISTROS MVG 415 C.A.","description":"Somos una compa\u00f1\u00eda de prestigio dentro del mercado nacional identificada por el buen asesoramiento y servicio en trabajos de mejoramiento, remodelaci\u00f3n y acabados de pinturas industriales y arquitect\u00f3nicas, adem\u00e1s de las ventas de productos de alta calidad, con un grupo humano responsable, honesto y eficiente.","robots":{"index":"index","follow":"follow","max-snippet":"max-snippet:-1","max-image-preview":"max-image-preview:large","max-video-preview":"max-video-preview:-1"},"canonical":"https:\/\/suministrosmvg415.com\/?page_id=541","og_locale":"es_ES","og_type":"article","og_title":"La Empresa | SUMINISTROS MVG 415 C.A.","og_description":"Somos una compa\u00f1\u00eda de prestigio dentro del mercado nacional identificada por el buen asesoramiento y servicio en trabajos de mejoramiento, remodelaci\u00f3n y acabados de pinturas industriales y arquitect\u00f3nicas, adem\u00e1s de las ventas de productos de alta calidad, con un grupo humano responsable, honesto y eficiente.","og_url":"https:\/\/suministrosmvg415.com\/?page_id=541","og_site_name":"SUMINISTROS MVG 415 C.A.","article_modified_time":"2025-03-18T17:22:25+00:00","og_image":[{"url":"https:\/\/suministrosmvg415.com\/wp-content\/uploads\/2022\/12\/Sin-titulo-1-1024x1024.png"}],"twitter_card":"summary_large_image","twitter_misc":{"Tiempo de lectura":"2 minutos"},"schema":{"@context":"https:\/\/schema.org","@graph":[{"@type":"WebPage","@id":"https:\/\/suministrosmvg415.com\/?page_id=541","url":"https:\/\/suministrosmvg415.com\/?page_id=541","name":"La Empresa | SUMINISTROS MVG 415 C.A.","isPartOf":{"@id":"https:\/\/suministrosmvg415.com\/#website"},"primaryImageOfPage":{"@id":"https:\/\/suministrosmvg415.com\/?page_id=541#primaryimage"},"image":{"@id":"https:\/\/suministrosmvg415.com\/?page_id=541#primaryimage"},"thumbnailUrl":"https:\/\/suministrosmvg415.com\/wp-content\/uploads\/2022\/12\/Sin-titulo-1-1024x1024.png","datePublished":"2018-11-27T13:17:08+00:00","dateModified":"2025-03-18T17:22:25+00:00","description":"Somos una compa\u00f1\u00eda de prestigio dentro del mercado nacional identificada por el buen asesoramiento y servicio en trabajos de mejoramiento, remodelaci\u00f3n y acabados de pinturas industriales y arquitect\u00f3nicas, adem\u00e1s de las ventas de productos de alta calidad, con un grupo humano responsable, honesto y eficiente.","breadcrumb":{"@id":"https:\/\/suministrosmvg415.com\/?page_id=541#breadcrumb"},"inLanguage":"es","potentialAction":[{"@type":"ReadAction","target":["https:\/\/suministrosmvg415.com\/?page_id=541"]}]},{"@type":"ImageObject","inLanguage":"es","@id":"https:\/\/suministrosmvg415.com\/?page_id=541#primaryimage","url":"https:\/\/suministrosmvg415.com\/wp-content\/uploads\/2022\/12\/Sin-titulo-1.png","contentUrl":"https:\/\/suministrosmvg415.com\/wp-content\/uploads\/2022\/12\/Sin-titulo-1.png","width":1024,"height":1024,"caption":"politica"},{"@type":"BreadcrumbList","@id":"https:\/\/suministrosmvg415.com\/?page_id=541#breadcrumb","itemListElement":[{"@type":"ListItem","position":1,"name":"Portada","item":"https:\/\/suministrosmvg415.com\/"},{"@type":"ListItem","position":2,"name":"La Empresa"}]},{"@type":"WebSite","@id":"https:\/\/suministrosmvg415.com\/#website","url":"https:\/\/suministrosmvg415.com\/","name":"SUMINISTROS MVG 415 C.A.","description":"Empresa de Pinturas","publisher":{"@id":"https:\/\/suministrosmvg415.com\/#organization"},"alternateName":"SUMINISTROS MVG","potentialAction":[{"@type":"SearchAction","target":{"@type":"EntryPoint","urlTemplate":"https:\/\/suministrosmvg415.com\/?s={search_term_string}"},"query-input":"required name=search_term_string"}],"inLanguage":"es"},{"@type":"Organization","@id":"https:\/\/suministrosmvg415.com\/#organization","name":"SUMINISTROS MVG 415 C.A.","url":"https:\/\/suministrosmvg415.com\/","logo":{"@type":"ImageObject","inLanguage":"es","@id":"https:\/\/suministrosmvg415.com\/#\/schema\/logo\/image\/","url":"https:\/\/suministrosmvg415.com\/wp-content\/uploads\/2020\/02\/1.png","contentUrl":"https:\/\/suministrosmvg415.com\/wp-content\/uploads\/2020\/02\/1.png","width":1080,"height":1080,"caption":"SUMINISTROS MVG 415 C.A."},"image":{"@id":"https:\/\/suministrosmvg415.com\/#\/schema\/logo\/image\/"},"sameAs":["https:\/\/www.instagram.com\/suministrosmvg\/"]}]}},"_links":{"self":[{"href":"https:\/\/suministrosmvg415.com\/index.php?rest_route=\/wp\/v2\/pages\/541","targetHints":{"allow":["GET"]}}],"collection":[{"href":"https:\/\/suministrosmvg415.com\/index.php?rest_route=\/wp\/v2\/pages"}],"about":[{"href":"https:\/\/suministrosmvg415.com\/index.php?rest_route=\/wp\/v2\/types\/page"}],"author":[{"embeddable":true,"href":"https:\/\/suministrosmvg415.com\/index.php?rest_route=\/wp\/v2\/users\/2"}],"replies":[{"embeddable":true,"href":"https:\/\/suministrosmvg415.com\/index.php?rest_route=%2Fwp%2Fv2%2Fcomments&post=541"}],"version-history":[{"count":66,"href":"https:\/\/suministrosmvg415.com\/index.php?rest_route=\/wp\/v2\/pages\/541\/revisions"}],"predecessor-version":[{"id":1537,"href":"https:\/\/suministrosmvg415.com\/index.php?rest_route=\/wp\/v2\/pages\/541\/revisions\/1537"}],"wp:attachment":[{"href":"https:\/\/suministrosmvg415.com\/index.php?rest_route=%2Fwp%2Fv2%2Fmedia&parent=541"}],"curies":[{"name":"wp","href":"https:\/\/api.w.org\/{rel}","templated":true}]}}